{"id":82,"date":"2022-08-18T14:35:00","date_gmt":"2022-08-18T12:35:00","guid":{"rendered":"https:\/\/praxis-fisio.com\/es\/?page_id=82"},"modified":"2023-03-07T08:54:52","modified_gmt":"2023-03-07T07:54:52","slug":"aviso-legal","status":"publish","type":"page","link":"https:\/\/praxis-fisio.com\/es\/aviso-legal\/","title":{"rendered":"AVISO LEGAL"},"content":{"rendered":"\n<p><\/p>\n\n\n\n<p><strong>PRAXIS FISIO<br><\/strong>Propetario: Marcus Reile<br>Carrer: c\/. de Consell 4<br>PLZ &#038; Lugar: E &#8211; 07560 Cala Millor \/ Mallorca<\/p>\n\n\n\n<p>Telefono: 0034 971 585 448<br>Correo electronico: praxisfisiomallorca@gmail.com<\/p>\n\n\n\n<p>Responsable del contenido seg\u00fan el \u00a7 10 p\u00e1rrafo 3 MDStV: Marcus Reile (direcci\u00f3n anterior)<\/p>\n\n\n\n<p>El contenido y el dise\u00f1o de este sitio web est\u00e1n protegidos por derechos de autor. La reproducci\u00f3n, distribuci\u00f3n u otro uso de textos, extractos de textos, im\u00e1genes u otra informaci\u00f3n de este sitio web s\u00f3lo se permite con el consentimiento previo por escrito.<\/p>\n\n\n\n<p><\/p>\n\n\n\n<p>Concepto y realizaci\u00f3n<br><a rel=\"noreferrer noopener\" href=\"https:\/\/stylemotions.com\" target=\"_blank\">stylemotions <\/a>| <a href=\"https:\/\/j34graphicstudio.com\" target=\"_blank\" rel=\"noreferrer noopener\">J34<\/a><\/p>\n","protected":false},"excerpt":{"rendered":"<p>PRAXIS FISIOPropetario: Marcus ReileCarrer: c\/. de Consell 4PLZ &#038; Lugar: E &#8211; 07560 Cala Millor \/ Mallorca Telefono: 0034 971 585 448Correo electronico: praxisfisiomallorca@gmail.com Responsable del contenido seg\u00fan el \u00a7 10 p\u00e1rrafo 3 MDStV: Marcus Reile (direcci\u00f3n anterior) El contenido y el dise\u00f1o de este sitio web est\u00e1n protegidos por derechos de autor. La reproducci\u00f3n, [&hellip;]<\/p>\n","protected":false},"author":1,"featured_media":0,"parent":0,"menu_order":0,"comment_status":"closed","ping_status":"closed","template":"templates\/template-full-width.php","meta":{"footnotes":""},"class_list":["post-82","page","type-page","status-publish","hentry"],"_links":{"self":[{"href":"https:\/\/praxis-fisio.com\/es\/wp-json\/wp\/v2\/pages\/82","targetHints":{"allow":["GET"]}}],"collection":[{"href":"https:\/\/praxis-fisio.com\/es\/wp-json\/wp\/v2\/pages"}],"about":[{"href":"https:\/\/praxis-fisio.com\/es\/wp-json\/wp\/v2\/types\/page"}],"author":[{"embeddable":true,"href":"https:\/\/praxis-fisio.com\/es\/wp-json\/wp\/v2\/users\/1"}],"replies":[{"embeddable":true,"href":"https:\/\/praxis-fisio.com\/es\/wp-json\/wp\/v2\/comments?post=82"}],"version-history":[{"count":16,"href":"https:\/\/praxis-fisio.com\/es\/wp-json\/wp\/v2\/pages\/82\/revisions"}],"predecessor-version":[{"id":706,"href":"https:\/\/praxis-fisio.com\/es\/wp-json\/wp\/v2\/pages\/82\/revisions\/706"}],"wp:attachment":[{"href":"https:\/\/praxis-fisio.com\/es\/wp-json\/wp\/v2\/media?parent=82"}],"curies":[{"name":"wp","href":"https:\/\/api.w.org\/{rel}","templated":true}]}}