{"id":78,"date":"2022-08-18T14:34:22","date_gmt":"2022-08-18T12:34:22","guid":{"rendered":"https:\/\/praxis-fisio.com\/?page_id=78"},"modified":"2024-03-25T10:13:35","modified_gmt":"2024-03-25T09:13:35","slug":"contacto","status":"publish","type":"page","link":"https:\/\/praxis-fisio.com\/es\/contacto\/","title":{"rendered":"CONTACTO"},"content":{"rendered":"\n<p><\/p>\n\n\n\n<div class=\"wp-block-media-text alignwide is-stacked-on-mobile is-style-default has-background\" style=\"background-color:#ffb94b;grid-template-columns:60% auto\"><figure class=\"wp-block-media-text__media\"><img loading=\"lazy\" decoding=\"async\" width=\"1024\" height=\"512\" src=\"https:\/\/praxis-fisio.com\/wp-content\/uploads\/2022\/09\/PraxisFisio_CalaMillor_1400x700_-1024x512.jpg\" alt=\"Kontakt mit PRAXIS FISIO in Cala Millor\" class=\"wp-image-531 size-full\" srcset=\"https:\/\/praxis-fisio.com\/wp-content\/uploads\/2022\/09\/PraxisFisio_CalaMillor_1400x700_-1024x512.jpg 1024w, https:\/\/praxis-fisio.com\/wp-content\/uploads\/2022\/09\/PraxisFisio_CalaMillor_1400x700_-300x150.jpg 300w, https:\/\/praxis-fisio.com\/wp-content\/uploads\/2022\/09\/PraxisFisio_CalaMillor_1400x700_-768x384.jpg 768w, https:\/\/praxis-fisio.com\/wp-content\/uploads\/2022\/09\/PraxisFisio_CalaMillor_1400x700_-1200x600.jpg 1200w, https:\/\/praxis-fisio.com\/wp-content\/uploads\/2022\/09\/PraxisFisio_CalaMillor_1400x700_.jpg 1400w\" sizes=\"auto, (max-width: 1024px) 100vw, 1024px\" \/><\/figure><div class=\"wp-block-media-text__content\">\n<p><strong>Trabajando juntos en beneficio del paciente<\/strong>&#8230;<\/p>\n<\/div><\/div>\n\n\n\n<div class=\"wp-block-columns is-layout-flex wp-container-core-columns-is-layout-9d6595d7 wp-block-columns-is-layout-flex\">\n<div class=\"wp-block-column is-layout-flow wp-block-column-is-layout-flow\">\n<p><strong><strong>PRAXIS FISIO<\/strong><br><\/strong>Carrer de Consell 4<br>07560 Cala Millor<\/p>\n\n\n\n<p>Tel.: 0034-971-585-448&nbsp;<\/p>\n\n\n\n<p>M\u00f3vil \/ WhatsApp:&nbsp; 0034 623 203 388 <\/p>\n\n\n<div class=\"wp-block-image\">\n<figure class=\"alignleft size-full is-resized\"><a href=\"https:\/\/www.instagram.com\/praxis.fisio\/\" target=\"_blank\" rel=\"noreferrer noopener\"><img loading=\"lazy\" decoding=\"async\" width=\"102\" height=\"102\" src=\"https:\/\/praxis-fisio.com\/wp-content\/uploads\/2022\/09\/instagram.jpg\" alt=\"PRAXIS FISIO\" class=\"wp-image-621\" style=\"width:30px;height:30px\"\/><\/a><\/figure>\n<\/div>\n\n<div class=\"wp-block-image\">\n<figure class=\"alignleft size-full is-resized\"><a href=\"https:\/\/www.facebook.com\/profile.php?id=100063993046615\" target=\"_blank\" rel=\"noreferrer noopener\"><img loading=\"lazy\" decoding=\"async\" width=\"102\" height=\"102\" src=\"https:\/\/praxis-fisio.com\/wp-content\/uploads\/2022\/09\/facebook.jpg\" alt=\"PRAXIS FISIO\" class=\"wp-image-617\" style=\"width:30px;height:30px\"\/><\/a><\/figure>\n<\/div>\n\n<div class=\"wp-block-image\">\n<figure class=\"alignleft size-full\"><a href=\"https:\/\/www.google.es\/maps\/place\/Praxis+Fisio\/@39.6082087,3.379158,17z\/data=!3m1!4b1!4m6!3m5!1s0x12963f78a90cac07:0x31ad6794c18a9ba1!8m2!3d39.6082087!4d3.379158!16s%2Fg%2F1tk_r9hf?hl=de\" target=\"_blank\" rel=\"noreferrer noopener\"><img loading=\"lazy\" decoding=\"async\" width=\"30\" height=\"30\" src=\"https:\/\/praxis-fisio.com\/wp-content\/uploads\/2023\/03\/g-maps.png\" alt=\"\" class=\"wp-image-711\"\/><\/a><\/figure>\n<\/div>\n\n\n<div style=\"height:20px\" aria-hidden=\"true\" class=\"wp-block-spacer\"><\/div>\n\n\n\n<p>E-Mail: praxisfisiomallorca@gmail.com<\/p>\n<\/div>\n\n\n\n<div class=\"wp-block-column is-layout-flow wp-block-column-is-layout-flow\">\n<p><strong>HORARIO<\/strong><\/p>\n\n\n\n<p>\u00a1Abierto todo el a\u00f1o!<\/p>\n\n\n\n<p>Lunes  \u2013  Viernes<\/p>\n\n\n\n<p>09:00h \u2013 13:00h\u00a0 16:00h \u2013 18:00h\u00a0<\/p>\n\n\n\n<p><em>Puede contactarnos para una cita previa.<\/em><\/p>\n<\/div>\n<\/div>\n\n\n\n<hr class=\"wp-block-separator has-alpha-channel-opacity is-style-dots\"\/>\n\n\n\n<div class=\"wpcf7 no-js\" id=\"wpcf7-f523-o1\" lang=\"de-DE\" dir=\"ltr\">\n<div class=\"screen-reader-response\"><p role=\"status\" aria-live=\"polite\" aria-atomic=\"true\"><\/p> <ul><\/ul><\/div>\n<form action=\"\/es\/wp-json\/wp\/v2\/pages\/78#wpcf7-f523-o1\" method=\"post\" class=\"wpcf7-form init\" aria-label=\"Kontaktformular\" novalidate=\"novalidate\" data-status=\"init\">\n<div style=\"display: none;\">\n<input type=\"hidden\" name=\"_wpcf7\" value=\"523\" \/>\n<input type=\"hidden\" name=\"_wpcf7_version\" value=\"5.9.3\" \/>\n<input type=\"hidden\" name=\"_wpcf7_locale\" value=\"de_DE\" \/>\n<input type=\"hidden\" name=\"_wpcf7_unit_tag\" value=\"wpcf7-f523-o1\" \/>\n<input type=\"hidden\" name=\"_wpcf7_container_post\" value=\"0\" \/>\n<input type=\"hidden\" name=\"_wpcf7_posted_data_hash\" value=\"\" \/>\n<input type=\"hidden\" name=\"_cf7a__timestamp\" value=\"opj5ymvSblQIW26VO4vu+g==\" \/>\n<input type=\"hidden\" name=\"_cf7a_version\" value=\"1.0\" \/>\n<input type=\"hidden\" name=\"_cf7a_address\" value=\"P5SJv6IKcN0ylLtRwVB6Hg==\" \/>\n<input type=\"hidden\" name=\"_cf7a_referer\" value=\"ctR9SYeAPLcFVbAjjBff0Q==\" \/>\n<input type=\"hidden\" name=\"_cf7a_protocol\" value=\"DK8S8wAhTiYhEW755QNpQg==\" \/>\n<input type=\"hidden\" name=\"lang\" value=\"es\" \/>\n<input type=\"hidden\" name=\"_cf7a_bot_fingerprint\" value=\"opj5ymvSblQIW26VO4vu+g==\" \/>\n<input type=\"hidden\" name=\"_cf7a_bot_fingerprint_extras\" value=\"\" \/>\n<input type=\"hidden\" name=\"_cf7a_append_on_submit\" value=\"\" \/>\n<\/div>\n<p><label> Su nombre<br \/>\n<span class=\"wpcf7-form-control-wrap\" data-name=\"your-name\"><input size=\"40\" class=\"wpcf7-form-control wpcf7-text wpcf7-validates-as-required\" aria-required=\"true\" aria-invalid=\"false\" value=\"\" type=\"text\" name=\"your-name\" \/><input type=\"text\" name=\"name\" value=\"\" autocomplete=\"fill\" class=\"fit-the-fullspace\" aria-hidden=\"true\" tabindex=\"-1\" \/><\/span> <\/label>\n<\/p>\n<p><label> Su correo electronico<br \/>\n<span class=\"wpcf7-form-control-wrap\" data-name=\"your-email\"><input size=\"40\" class=\"wpcf7-form-control wpcf7-email wpcf7-validates-as-required wpcf7-text wpcf7-validates-as-email\" aria-required=\"true\" aria-invalid=\"false\" value=\"\" type=\"email\" name=\"your-email\" \/><\/span> <\/label>\n<\/p>\n<p><label> Asunto<br \/>\n<span class=\"wpcf7-form-control-wrap\" data-name=\"your-subject\"><input size=\"40\" class=\"wpcf7-form-control wpcf7-text wpcf7-validates-as-required\" aria-required=\"true\" aria-invalid=\"false\" value=\"\" type=\"text\" name=\"your-subject\" \/><input type=\"text\" name=\"address\" value=\"\" autocomplete=\"fill\" class=\"fit-the-fullspace\" aria-hidden=\"true\" tabindex=\"-1\" \/><\/span> <\/label>\n<\/p>\n<p><label> Su mensaje (optional)<br \/>\n<span class=\"wpcf7-form-control-wrap\" data-name=\"your-message\"><textarea cols=\"40\" rows=\"10\" class=\"wpcf7-form-control wpcf7-textarea\" aria-invalid=\"false\" name=\"your-message\"><\/textarea><\/span> <\/label><br \/>\n<span class=\"wpcf7-form-control-wrap\" data-name=\"acceptance-640\"><span class=\"wpcf7-form-control wpcf7-acceptance\"><span class=\"wpcf7-list-item\"><label><input type=\"checkbox\" name=\"acceptance-640\" value=\"1\" aria-invalid=\"false\" \/><span class=\"wpcf7-list-item-label\">Sus datos se utilizar\u00e1n exclusivamente para la tarea o los documentos solicitados por usted. Una vez transcurridos los plazos legales de conservaci\u00f3n, los eliminamos. Encontrar\u00e1 m\u00e1s informaci\u00f3n en nuestra declaraci\u00f3n de protecci\u00f3n de datos. Por la presente declaro mi consentimiento.<\/span><\/label><\/span><\/span><\/span>\n<\/p>\n<p><input class=\"wpcf7-form-control wpcf7-submit has-spinner\" type=\"submit\" value=\"Enviar\" \/>\n<\/p><div class=\"wpcf7-response-output\" aria-hidden=\"true\"><\/div>\n<\/form>\n<\/div>\n\n\n\n\n<div style=\"height:50px\" aria-hidden=\"true\" class=\"wp-block-spacer\"><\/div>\n\n\n<style>#jtg-697 .modula-item { border: 1px solid #ffffff; }#jtg-697 .modula-item { border-radius: 5px; }#jtg-697 .modula-item .jtg-social a, .lightbox-socials.jtg-social a{ color: #ffffff }#jtg-697 .modula-item .jtg-social svg, .lightbox-socials.jtg-social svg { height: 16px; width: 16px }#jtg-697 .modula-item .jtg-social a:not(:last-child), .lightbox-socials.jtg-social a:not(:last-child) { margin-right: 10px }#jtg-697 .modula-item .figc {color:#ffffff;}#jtg-697 .modula-item .modula-item-content { transform: scale(1) }#jtg-697{max-width:80%}#jtg-697 { width:80%;}#jtg-697 .modula-items .figc p.description { font-size:14px; }#jtg-697 .modula-items .figc p.description { color:#ffffff;}#jtg-697.modula-gallery .modula-item > a, #jtg-697.modula-gallery .modula-item, #jtg-697.modula-gallery .modula-item-content > a:not(.modula-no-follow) { cursor:zoom-in; } #jtg-697.modula-gallery .modula-item-content .modula-no-follow { cursor: default; } @media screen and (max-width:480px){#jtg-697 .modula-item .figc .jtg-title {  font-size: 12px; }#jtg-697 .modula-items .figc p.description { color:#ffffff;font-size:10px; }}<\/style>\n<!-- Gallery Container -->\n<div  id=\"jtg-697\" class=\"modula modula-gallery modula-columns\" data-config=\"{&quot;tabletHeight&quot;:0,&quot;mobileHeight&quot;:0,&quot;desktopHeight&quot;:0,&quot;enableTwitter&quot;:false,&quot;enableWhatsapp&quot;:false,&quot;enableFacebook&quot;:false,&quot;enablePinterest&quot;:false,&quot;enableLinkedin&quot;:false,&quot;enableEmail&quot;:false,&quot;randomFactor&quot;:0,&quot;type&quot;:&quot;grid&quot;,&quot;columns&quot;:12,&quot;gutter&quot;:10,&quot;mobileGutter&quot;:10,&quot;tabletGutter&quot;:10,&quot;desktopGutter&quot;:10,&quot;enableResponsive&quot;:&quot;0&quot;,&quot;tabletColumns&quot;:&quot;&quot;,&quot;mobileColumns&quot;:&quot;&quot;,&quot;lazyLoad&quot;:&quot;1&quot;,&quot;lightboxOpts&quot;:{&quot;loop&quot;:false,&quot;arrows&quot;:true,&quot;toolbar&quot;:true,&quot;keyboard&quot;:true,&quot;wheel&quot;:false,&quot;buttons&quot;:[&quot;close&quot;],&quot;hash&quot;:false,&quot;lang&quot;:&quot;en&quot;,&quot;touch&quot;:false,&quot;protect&quot;:false,&quot;i18n&quot;:{&quot;en&quot;:{&quot;CLOSE&quot;:&quot;Close&quot;,&quot;NEXT&quot;:&quot;Next&quot;,&quot;PREV&quot;:&quot;Previous&quot;,&quot;Error&quot;:&quot;The requested content cannot be loaded. Please try again later.&quot;,&quot;PLAY_START&quot;:&quot;Start slideshow&quot;,&quot;PLAY_STOP&quot;:&quot;Pause slideshow&quot;,&quot;FULL_SCREEN&quot;:&quot;Full screen&quot;,&quot;THUMBS&quot;:&quot;Thumbnails&quot;,&quot;DOWNLOAD&quot;:&quot;Download&quot;,&quot;SHARE&quot;:&quot;Share&quot;,&quot;ZOOM&quot;:&quot;Zoom&quot;}},&quot;clickSlide&quot;:false,&quot;clickOutside&quot;:false,&quot;dblclickContent&quot;:false,&quot;dblclickSlide&quot;:false,&quot;dblclickOutside&quot;:false,&quot;clickContent&quot;:false,&quot;baseTpl&quot;:&quot;&lt;div class=\\&quot;modula-fancybox-container modula-lightbox-jtg-697\\&quot; role=\\&quot;dialog\\&quot; tabindex=\\&quot;-1\\&quot;&gt;&lt;div class=\\&quot;modula-fancybox-bg\\&quot;&gt;&lt;\\\/div&gt;&lt;div class=\\&quot;modula-fancybox-inner\\&quot;&gt;&lt;div class=\\&quot;modula-fancybox-infobar\\&quot;&gt;&lt;span data-fancybox-index&gt;&lt;\\\/span&gt;&nbsp;\\\/&nbsp;&lt;span data-fancybox-count&gt;&lt;\\\/span&gt;&lt;\\\/div&gt;&lt;div class=\\&quot;modula-fancybox-toolbar\\&quot;&gt;{{buttons}}&lt;\\\/div&gt;&lt;div class=\\&quot;modula-fancybox-navigation\\&quot;&gt;{{arrows}}&lt;\\\/div&gt;&lt;div class=\\&quot;modula-fancybox-stage\\&quot;&gt;&lt;\\\/div&gt;&lt;div class=\\&quot;modula-fancybox-caption\\&quot;&gt;&lt;div class=\\&quot;modula-fancybox-caption__body\\&quot;&gt;&lt;\\\/div&gt;&lt;\\\/div&gt;&lt;\\\/div&gt;&lt;\\\/div&gt;&quot;},&quot;inView&quot;:false,&quot;email_subject&quot;:&quot;Check out this awesome image !!&quot;,&quot;email_message&quot;:&quot;Here is the link to the image : %%image_link%% and this is the link to the gallery : %%gallery_link%%&quot;,&quot;grid_type&quot;:&quot;automatic&quot;,&quot;rowHeight&quot;:200,&quot;lastRow&quot;:&quot;justify&quot;,&quot;lightbox&quot;:&quot;fancybox&quot;}\">\n\n\t\n\t<!-- Items Container -->\n\t<div  class=\"modula-items grid-gallery\">\n\t\t<div class=\"modula-item effect-pufrobo\" >\n\t<div class=\"modula-item-overlay\"><\/div>\n\n\t<div class=\"modula-item-content\">\n\n\t\t\t\t\n\t\t\t\t\t<a data-image-id=\"696\" rel=\"jtg-697\" data-caption=\"\" aria-label=\"Open image in lightbox\" class=\"tile-inner modula-item-link\"><\/a>\n\t\t\n\t\t<img class=\"pic wp-image-696 lazyload\"  data-valign=\"middle\" data-halign=\"center\" alt=\"Anfahrt PRAXIS FISIO\" data-full=\"https:\/\/praxis-fisio.com\/wp-content\/uploads\/2022\/10\/Praxis-Fisio-Anfahrt_4.jpg\" title=\"Praxis-Fisio-Anfahrt_4\" width=\"800\" height=\"1045\" data-src=\"https:\/\/praxis-fisio.com\/wp-content\/uploads\/2022\/10\/Praxis-Fisio-Anfahrt_4.jpg\" data-caption=\"\" data-source=\"modula\" data-srcset=\"https:\/\/praxis-fisio.com\/wp-content\/uploads\/2022\/10\/Praxis-Fisio-Anfahrt_4.jpg 800w, https:\/\/praxis-fisio.com\/wp-content\/uploads\/2022\/10\/Praxis-Fisio-Anfahrt_4-230x300.jpg 230w, https:\/\/praxis-fisio.com\/wp-content\/uploads\/2022\/10\/Praxis-Fisio-Anfahrt_4-784x1024.jpg 784w, https:\/\/praxis-fisio.com\/wp-content\/uploads\/2022\/10\/Praxis-Fisio-Anfahrt_4-768x1003.jpg 768w\" data-sizes=\"(max-width: 800px) 100vw, 800px\" \/>\n\t\t<div class=\"figc no-description\">\n\t\t\t<div class=\"figc-inner\">\n\t\t\t\t\t\t\t\t\t\t\t\t\t\t\t<\/div>\n\t\t<\/div>\n\n\t<\/div>\n\n<\/div><div class=\"modula-item effect-pufrobo\" >\n\t<div class=\"modula-item-overlay\"><\/div>\n\n\t<div class=\"modula-item-content\">\n\n\t\t\t\t\n\t\t\t\t\t<a data-image-id=\"695\" rel=\"jtg-697\" data-caption=\"\" aria-label=\"Open image in lightbox\" class=\"tile-inner modula-item-link\"><\/a>\n\t\t\n\t\t<img class=\"pic wp-image-695 lazyload\"  data-valign=\"middle\" data-halign=\"center\" alt=\"Anfahrt PRAXIS FISIO\" data-full=\"https:\/\/praxis-fisio.com\/wp-content\/uploads\/2022\/10\/Praxis-Fisio-Anfahrt_3.jpg\" title=\"Praxis-Fisio-Anfahrt_3\" width=\"800\" height=\"1045\" data-src=\"https:\/\/praxis-fisio.com\/wp-content\/uploads\/2022\/10\/Praxis-Fisio-Anfahrt_3.jpg\" data-caption=\"\" data-source=\"modula\" data-srcset=\"https:\/\/praxis-fisio.com\/wp-content\/uploads\/2022\/10\/Praxis-Fisio-Anfahrt_3.jpg 800w, https:\/\/praxis-fisio.com\/wp-content\/uploads\/2022\/10\/Praxis-Fisio-Anfahrt_3-230x300.jpg 230w, https:\/\/praxis-fisio.com\/wp-content\/uploads\/2022\/10\/Praxis-Fisio-Anfahrt_3-784x1024.jpg 784w, https:\/\/praxis-fisio.com\/wp-content\/uploads\/2022\/10\/Praxis-Fisio-Anfahrt_3-768x1003.jpg 768w\" data-sizes=\"(max-width: 800px) 100vw, 800px\" \/>\n\t\t<div class=\"figc no-description\">\n\t\t\t<div class=\"figc-inner\">\n\t\t\t\t\t\t\t\t\t\t\t\t\t\t\t<\/div>\n\t\t<\/div>\n\n\t<\/div>\n\n<\/div><div class=\"modula-item effect-pufrobo\" >\n\t<div class=\"modula-item-overlay\"><\/div>\n\n\t<div class=\"modula-item-content\">\n\n\t\t\t\t\n\t\t\t\t\t<a data-image-id=\"694\" rel=\"jtg-697\" data-caption=\"\" aria-label=\"Open image in lightbox\" class=\"tile-inner modula-item-link\"><\/a>\n\t\t\n\t\t<img class=\"pic wp-image-694 lazyload\"  data-valign=\"middle\" data-halign=\"center\" alt=\"Anfahrt PRAXIS FISIO\" data-full=\"https:\/\/praxis-fisio.com\/wp-content\/uploads\/2022\/10\/Praxis-Fisio-Anfahrt_2.jpg\" title=\"Praxis-Fisio-Anfahrt_2\" width=\"800\" height=\"1045\" data-src=\"https:\/\/praxis-fisio.com\/wp-content\/uploads\/2022\/10\/Praxis-Fisio-Anfahrt_2.jpg\" data-caption=\"\" data-source=\"modula\" data-srcset=\"https:\/\/praxis-fisio.com\/wp-content\/uploads\/2022\/10\/Praxis-Fisio-Anfahrt_2.jpg 800w, https:\/\/praxis-fisio.com\/wp-content\/uploads\/2022\/10\/Praxis-Fisio-Anfahrt_2-230x300.jpg 230w, https:\/\/praxis-fisio.com\/wp-content\/uploads\/2022\/10\/Praxis-Fisio-Anfahrt_2-784x1024.jpg 784w, https:\/\/praxis-fisio.com\/wp-content\/uploads\/2022\/10\/Praxis-Fisio-Anfahrt_2-768x1003.jpg 768w\" data-sizes=\"(max-width: 800px) 100vw, 800px\" \/>\n\t\t<div class=\"figc no-description\">\n\t\t\t<div class=\"figc-inner\">\n\t\t\t\t\t\t\t\t\t\t\t\t\t\t\t<\/div>\n\t\t<\/div>\n\n\t<\/div>\n\n<\/div><div class=\"modula-item effect-pufrobo\" >\n\t<div class=\"modula-item-overlay\"><\/div>\n\n\t<div class=\"modula-item-content\">\n\n\t\t\t\t\n\t\t\t\t\t<a data-image-id=\"693\" rel=\"jtg-697\" data-caption=\"\" aria-label=\"Open image in lightbox\" class=\"tile-inner modula-item-link\"><\/a>\n\t\t\n\t\t<img class=\"pic wp-image-693 lazyload\"  data-valign=\"middle\" data-halign=\"center\" alt=\"Anfahrt PRAXIS FISIO\" data-full=\"https:\/\/praxis-fisio.com\/wp-content\/uploads\/2022\/10\/Praxis-Fisio-Anfahrt_1.jpg\" title=\"Praxis-Fisio-Anfahrt_1\" width=\"800\" height=\"1045\" data-src=\"https:\/\/praxis-fisio.com\/wp-content\/uploads\/2022\/10\/Praxis-Fisio-Anfahrt_1.jpg\" data-caption=\"\" data-source=\"modula\" data-srcset=\"https:\/\/praxis-fisio.com\/wp-content\/uploads\/2022\/10\/Praxis-Fisio-Anfahrt_1.jpg 800w, https:\/\/praxis-fisio.com\/wp-content\/uploads\/2022\/10\/Praxis-Fisio-Anfahrt_1-230x300.jpg 230w, https:\/\/praxis-fisio.com\/wp-content\/uploads\/2022\/10\/Praxis-Fisio-Anfahrt_1-784x1024.jpg 784w, https:\/\/praxis-fisio.com\/wp-content\/uploads\/2022\/10\/Praxis-Fisio-Anfahrt_1-768x1003.jpg 768w\" data-sizes=\"(max-width: 800px) 100vw, 800px\" \/>\n\t\t<div class=\"figc no-description\">\n\t\t\t<div class=\"figc-inner\">\n\t\t\t\t\t\t\t\t\t\t\t\t\t\t\t<\/div>\n\t\t<\/div>\n\n\t<\/div>\n\n<\/div>\t\t\n\t<\/div>\n\n\t\n\t\n\t<script type=\"application\/ld+json\">\n\t{\n\t\t\"@context\": \"http:\/\/schema.org\",\n\t\t\"@type\"   : \"ImageGallery\",\n\t\t\"id\"      : \"https:\/\/praxis-fisio.com\/es\/wp-json\/wp\/v2\/pages\/78\",\n\t\t\"url\"     : \"https:\/\/praxis-fisio.com\/es\/wp-json\/wp\/v2\/pages\/78\"\n\t}\n\n    <\/script>\n\n\t\n<\/div>\n","protected":false},"excerpt":{"rendered":"<p>Trabajando juntos en beneficio del paciente&#8230; PRAXIS FISIOCarrer de Consell 407560 Cala Millor Tel.: 0034-971-585-448&nbsp; M\u00f3vil \/ WhatsApp:&nbsp; 0034 623 203 388 E-Mail: praxisfisiomallorca@gmail.com HORARIO \u00a1Abierto todo el a\u00f1o! Lunes \u2013 Viernes 09:00h \u2013 13:00h\u00a0 16:00h \u2013 18:00h\u00a0 Puede contactarnos para una cita previa.<\/p>\n","protected":false},"author":1,"featured_media":0,"parent":0,"menu_order":0,"comment_status":"closed","ping_status":"closed","template":"templates\/template-full-width.php","meta":{"footnotes":""},"class_list":["post-78","page","type-page","status-publish","hentry"],"_links":{"self":[{"href":"https:\/\/praxis-fisio.com\/es\/wp-json\/wp\/v2\/pages\/78","targetHints":{"allow":["GET"]}}],"collection":[{"href":"https:\/\/praxis-fisio.com\/es\/wp-json\/wp\/v2\/pages"}],"about":[{"href":"https:\/\/praxis-fisio.com\/es\/wp-json\/wp\/v2\/types\/page"}],"author":[{"embeddable":true,"href":"https:\/\/praxis-fisio.com\/es\/wp-json\/wp\/v2\/users\/1"}],"replies":[{"embeddable":true,"href":"https:\/\/praxis-fisio.com\/es\/wp-json\/wp\/v2\/comments?post=78"}],"version-history":[{"count":67,"href":"https:\/\/praxis-fisio.com\/es\/wp-json\/wp\/v2\/pages\/78\/revisions"}],"predecessor-version":[{"id":731,"href":"https:\/\/praxis-fisio.com\/es\/wp-json\/wp\/v2\/pages\/78\/revisions\/731"}],"wp:attachment":[{"href":"https:\/\/praxis-fisio.com\/es\/wp-json\/wp\/v2\/media?parent=78"}],"curies":[{"name":"wp","href":"https:\/\/api.w.org\/{rel}","templated":true}]}}