{"id":28,"date":"2022-08-15T10:54:49","date_gmt":"2022-08-15T08:54:49","guid":{"rendered":"https:\/\/praxis-fisio.com\/?page_id=28"},"modified":"2024-03-25T10:12:28","modified_gmt":"2024-03-25T09:12:28","slug":"massagen","status":"publish","type":"page","link":"https:\/\/praxis-fisio.com\/es\/massagen\/","title":{"rendered":"FISIOTERAPIA Y MASAJES"},"content":{"rendered":"\n<p><\/p>\n\n\n\n<div class=\"wp-block-columns is-layout-flex wp-container-core-columns-is-layout-9d6595d7 wp-block-columns-is-layout-flex\">\n<div class=\"wp-block-column is-layout-flow wp-block-column-is-layout-flow\" style=\"flex-basis:40%\"><style>#jtg-541 .modula-item { border: 1px solid #ffffff; }#jtg-541 .modula-item { border-radius: 5px; }#jtg-541 .modula-item .jtg-social a, .lightbox-socials.jtg-social a{ color: #ffffff }#jtg-541 .modula-item .jtg-social svg, .lightbox-socials.jtg-social svg { height: 16px; width: 16px }#jtg-541 .modula-item .jtg-social a:not(:last-child), .lightbox-socials.jtg-social a:not(:last-child) { margin-right: 10px }#jtg-541 .modula-item .figc {color:#ffffff;}#jtg-541 .modula-item .modula-item-content { transform: scale(1) }#jtg-541{max-width:100%}#jtg-541 { width:100%;}#jtg-541 .modula-items{height:800px;}@media screen and (max-width: 992px) {#jtg-541 .modula-items{height:800px;}}@media screen and (max-width: 768px) {#jtg-541 .modula-items{height:800px;}}#jtg-541 .modula-items .figc p.description { font-size:14px; }#jtg-541 .modula-items .figc p.description { color:#ffffff;}#jtg-541.modula-gallery .modula-item > a, #jtg-541.modula-gallery .modula-item, #jtg-541.modula-gallery .modula-item-content > a:not(.modula-no-follow) { cursor:zoom-in; } #jtg-541.modula-gallery .modula-item-content .modula-no-follow { cursor: default; } @media screen and (max-width:480px){#jtg-541 .modula-item .figc .jtg-title {  font-size: 12px; }#jtg-541 .modula-items .figc p.description { color:#ffffff;font-size:10px; }}<\/style>\n<!-- Gallery Container -->\n<div  id=\"jtg-541\" class=\"modula modula-gallery modula-creative-gallery\" data-config=\"{&quot;height&quot;:800,&quot;tabletHeight&quot;:800,&quot;mobileHeight&quot;:800,&quot;desktopHeight&quot;:800,&quot;enableTwitter&quot;:false,&quot;enableWhatsapp&quot;:false,&quot;enableFacebook&quot;:false,&quot;enablePinterest&quot;:false,&quot;enableLinkedin&quot;:false,&quot;enableEmail&quot;:false,&quot;randomFactor&quot;:0.5,&quot;type&quot;:&quot;creative-gallery&quot;,&quot;columns&quot;:12,&quot;gutter&quot;:10,&quot;mobileGutter&quot;:10,&quot;tabletGutter&quot;:10,&quot;desktopGutter&quot;:10,&quot;enableResponsive&quot;:&quot;0&quot;,&quot;tabletColumns&quot;:2,&quot;mobileColumns&quot;:1,&quot;lazyLoad&quot;:true,&quot;lightboxOpts&quot;:{&quot;loop&quot;:false,&quot;arrows&quot;:true,&quot;toolbar&quot;:true,&quot;keyboard&quot;:true,&quot;wheel&quot;:false,&quot;buttons&quot;:[&quot;close&quot;],&quot;hash&quot;:false,&quot;lang&quot;:&quot;en&quot;,&quot;touch&quot;:false,&quot;protect&quot;:false,&quot;i18n&quot;:{&quot;en&quot;:{&quot;CLOSE&quot;:&quot;Close&quot;,&quot;NEXT&quot;:&quot;Next&quot;,&quot;PREV&quot;:&quot;Previous&quot;,&quot;Error&quot;:&quot;The requested content cannot be loaded. Please try again later.&quot;,&quot;PLAY_START&quot;:&quot;Start slideshow&quot;,&quot;PLAY_STOP&quot;:&quot;Pause slideshow&quot;,&quot;FULL_SCREEN&quot;:&quot;Full screen&quot;,&quot;THUMBS&quot;:&quot;Thumbnails&quot;,&quot;DOWNLOAD&quot;:&quot;Download&quot;,&quot;SHARE&quot;:&quot;Share&quot;,&quot;ZOOM&quot;:&quot;Zoom&quot;}},&quot;clickSlide&quot;:false,&quot;clickOutside&quot;:false,&quot;dblclickContent&quot;:false,&quot;dblclickSlide&quot;:false,&quot;dblclickOutside&quot;:false,&quot;clickContent&quot;:false,&quot;baseTpl&quot;:&quot;&lt;div class=\\&quot;modula-fancybox-container modula-lightbox-jtg-541\\&quot; role=\\&quot;dialog\\&quot; tabindex=\\&quot;-1\\&quot;&gt;&lt;div class=\\&quot;modula-fancybox-bg\\&quot;&gt;&lt;\\\/div&gt;&lt;div class=\\&quot;modula-fancybox-inner\\&quot;&gt;&lt;div class=\\&quot;modula-fancybox-infobar\\&quot;&gt;&lt;span data-fancybox-index&gt;&lt;\\\/span&gt;&nbsp;\\\/&nbsp;&lt;span data-fancybox-count&gt;&lt;\\\/span&gt;&lt;\\\/div&gt;&lt;div class=\\&quot;modula-fancybox-toolbar\\&quot;&gt;{{buttons}}&lt;\\\/div&gt;&lt;div class=\\&quot;modula-fancybox-navigation\\&quot;&gt;{{arrows}}&lt;\\\/div&gt;&lt;div class=\\&quot;modula-fancybox-stage\\&quot;&gt;&lt;\\\/div&gt;&lt;div class=\\&quot;modula-fancybox-caption\\&quot;&gt;&lt;div class=\\&quot;modula-fancybox-caption__body\\&quot;&gt;&lt;\\\/div&gt;&lt;\\\/div&gt;&lt;\\\/div&gt;&lt;\\\/div&gt;&quot;},&quot;inView&quot;:false,&quot;email_subject&quot;:&quot;Check out this awesome image !!&quot;,&quot;email_message&quot;:&quot;Here is the link to the image : %%image_link%% and this is the link to the gallery : %%gallery_link%%&quot;,&quot;lightbox&quot;:&quot;fancybox&quot;}\">\n\n\t\n\t<!-- Items Container -->\n\t<div  class=\"modula-items\">\n\t\t<div class=\"modula-item effect-pufrobo\" >\n\t<div class=\"modula-item-overlay\"><\/div>\n\n\t<div class=\"modula-item-content\">\n\n\t\t\t\t\n\t\t\t\t\t<a data-image-id=\"479\" rel=\"jtg-541\" data-caption=\"\" aria-label=\"Open image in lightbox\" class=\"tile-inner modula-item-link\"><\/a>\n\t\t\n\t\t<img class=\"pic wp-image-479 lazyload\"  data-valign=\"middle\" data-halign=\"center\" alt=\"\" data-full=\"https:\/\/praxis-fisio.com\/wp-content\/uploads\/2022\/09\/PraxisFisio_CalaMillor_2.jpg\" title=\"PraxisFisio_CalaMillor_2\" width=\"580\" height=\"386\" data-src=\"https:\/\/praxis-fisio.com\/wp-content\/uploads\/2022\/09\/PraxisFisio_CalaMillor_2-1024x682.jpg\" data-caption=\"\" data-source=\"modula\" data-srcset=\"https:\/\/praxis-fisio.com\/wp-content\/uploads\/2022\/09\/PraxisFisio_CalaMillor_2.jpg 1400w, https:\/\/praxis-fisio.com\/wp-content\/uploads\/2022\/09\/PraxisFisio_CalaMillor_2-300x200.jpg 300w, https:\/\/praxis-fisio.com\/wp-content\/uploads\/2022\/09\/PraxisFisio_CalaMillor_2-1024x682.jpg 1024w, https:\/\/praxis-fisio.com\/wp-content\/uploads\/2022\/09\/PraxisFisio_CalaMillor_2-768x511.jpg 768w, https:\/\/praxis-fisio.com\/wp-content\/uploads\/2022\/09\/PraxisFisio_CalaMillor_2-1200x799.jpg 1200w\" data-sizes=\"(max-width: 580px) 100vw, 580px\" \/>\n\t\t<div class=\"figc no-description\">\n\t\t\t<div class=\"figc-inner\">\n\t\t\t\t\t\t\t\t\t\t\t\t\t\t\t<\/div>\n\t\t<\/div>\n\n\t<\/div>\n\n<\/div><div class=\"modula-item effect-pufrobo\" >\n\t<div class=\"modula-item-overlay\"><\/div>\n\n\t<div class=\"modula-item-content\">\n\n\t\t\t\t\n\t\t\t\t\t<a data-image-id=\"478\" rel=\"jtg-541\" data-caption=\"\" aria-label=\"Open image in lightbox\" class=\"tile-inner modula-item-link\"><\/a>\n\t\t\n\t\t<img class=\"pic wp-image-478 lazyload\"  data-valign=\"middle\" data-halign=\"center\" alt=\"\" data-full=\"https:\/\/praxis-fisio.com\/wp-content\/uploads\/2022\/09\/PraxisFisio_CalaMillor_1.jpg\" title=\"PraxisFisio_CalaMillor_1\" width=\"580\" height=\"386\" data-src=\"https:\/\/praxis-fisio.com\/wp-content\/uploads\/2022\/09\/PraxisFisio_CalaMillor_1-1024x682.jpg\" data-caption=\"\" data-source=\"modula\" data-srcset=\"https:\/\/praxis-fisio.com\/wp-content\/uploads\/2022\/09\/PraxisFisio_CalaMillor_1.jpg 1400w, https:\/\/praxis-fisio.com\/wp-content\/uploads\/2022\/09\/PraxisFisio_CalaMillor_1-300x200.jpg 300w, https:\/\/praxis-fisio.com\/wp-content\/uploads\/2022\/09\/PraxisFisio_CalaMillor_1-1024x682.jpg 1024w, https:\/\/praxis-fisio.com\/wp-content\/uploads\/2022\/09\/PraxisFisio_CalaMillor_1-768x511.jpg 768w, https:\/\/praxis-fisio.com\/wp-content\/uploads\/2022\/09\/PraxisFisio_CalaMillor_1-1200x799.jpg 1200w\" data-sizes=\"(max-width: 580px) 100vw, 580px\" \/>\n\t\t<div class=\"figc no-description\">\n\t\t\t<div class=\"figc-inner\">\n\t\t\t\t\t\t\t\t\t\t\t\t\t\t\t<\/div>\n\t\t<\/div>\n\n\t<\/div>\n\n<\/div><div class=\"modula-item effect-pufrobo\" >\n\t<div class=\"modula-item-overlay\"><\/div>\n\n\t<div class=\"modula-item-content\">\n\n\t\t\t\t\n\t\t\t\t\t<a data-image-id=\"480\" rel=\"jtg-541\" data-caption=\"\" aria-label=\"Open image in lightbox\" class=\"tile-inner modula-item-link\"><\/a>\n\t\t\n\t\t<img class=\"pic wp-image-480 lazyload\"  data-valign=\"middle\" data-halign=\"center\" alt=\"\" data-full=\"https:\/\/praxis-fisio.com\/wp-content\/uploads\/2022\/09\/PraxisFisio_CalaMillor_3.jpg\" title=\"PraxisFisio_CalaMillor_3\" width=\"580\" height=\"386\" data-src=\"https:\/\/praxis-fisio.com\/wp-content\/uploads\/2022\/09\/PraxisFisio_CalaMillor_3-1024x682.jpg\" data-caption=\"\" data-source=\"modula\" data-srcset=\"https:\/\/praxis-fisio.com\/wp-content\/uploads\/2022\/09\/PraxisFisio_CalaMillor_3.jpg 1400w, https:\/\/praxis-fisio.com\/wp-content\/uploads\/2022\/09\/PraxisFisio_CalaMillor_3-300x200.jpg 300w, https:\/\/praxis-fisio.com\/wp-content\/uploads\/2022\/09\/PraxisFisio_CalaMillor_3-1024x682.jpg 1024w, https:\/\/praxis-fisio.com\/wp-content\/uploads\/2022\/09\/PraxisFisio_CalaMillor_3-768x511.jpg 768w, https:\/\/praxis-fisio.com\/wp-content\/uploads\/2022\/09\/PraxisFisio_CalaMillor_3-1200x799.jpg 1200w\" data-sizes=\"(max-width: 580px) 100vw, 580px\" \/>\n\t\t<div class=\"figc no-description\">\n\t\t\t<div class=\"figc-inner\">\n\t\t\t\t\t\t\t\t\t\t\t\t\t\t\t<\/div>\n\t\t<\/div>\n\n\t<\/div>\n\n<\/div><div class=\"modula-item effect-pufrobo\" >\n\t<div class=\"modula-item-overlay\"><\/div>\n\n\t<div class=\"modula-item-content\">\n\n\t\t\t\t\n\t\t\t\t\t<a data-image-id=\"481\" rel=\"jtg-541\" data-caption=\"\" aria-label=\"Open image in lightbox\" class=\"tile-inner modula-item-link\"><\/a>\n\t\t\n\t\t<img class=\"pic wp-image-481 lazyload\"  data-valign=\"middle\" data-halign=\"center\" alt=\"\" data-full=\"https:\/\/praxis-fisio.com\/wp-content\/uploads\/2022\/09\/PraxisFisio_CalaMillor_4.jpg\" title=\"PraxisFisio_CalaMillor_4\" width=\"580\" height=\"387\" data-src=\"https:\/\/praxis-fisio.com\/wp-content\/uploads\/2022\/09\/PraxisFisio_CalaMillor_4-1024x683.jpg\" data-caption=\"\" data-source=\"modula\" data-srcset=\"https:\/\/praxis-fisio.com\/wp-content\/uploads\/2022\/09\/PraxisFisio_CalaMillor_4.jpg 1400w, https:\/\/praxis-fisio.com\/wp-content\/uploads\/2022\/09\/PraxisFisio_CalaMillor_4-300x200.jpg 300w, https:\/\/praxis-fisio.com\/wp-content\/uploads\/2022\/09\/PraxisFisio_CalaMillor_4-1024x683.jpg 1024w, https:\/\/praxis-fisio.com\/wp-content\/uploads\/2022\/09\/PraxisFisio_CalaMillor_4-768x512.jpg 768w, https:\/\/praxis-fisio.com\/wp-content\/uploads\/2022\/09\/PraxisFisio_CalaMillor_4-1200x801.jpg 1200w\" data-sizes=\"(max-width: 580px) 100vw, 580px\" \/>\n\t\t<div class=\"figc no-description\">\n\t\t\t<div class=\"figc-inner\">\n\t\t\t\t\t\t\t\t\t\t\t\t\t\t\t<\/div>\n\t\t<\/div>\n\n\t<\/div>\n\n<\/div>\t\t\n\t<\/div>\n\n\t\n\t\n\t<script type=\"application\/ld+json\">\n\t{\n\t\t\"@context\": \"http:\/\/schema.org\",\n\t\t\"@type\"   : \"ImageGallery\",\n\t\t\"id\"      : \"https:\/\/praxis-fisio.com\/es\/wp-json\/wp\/v2\/pages\/28\",\n\t\t\"url\"     : \"https:\/\/praxis-fisio.com\/es\/wp-json\/wp\/v2\/pages\/28\"\n\t}\n\n    <\/script>\n\n\t\n<\/div>\n<\/div>\n\n\n\n<div class=\"wp-block-column is-layout-flow wp-block-column-is-layout-flow\">\n<p><strong><strong>Fisioterapia<\/strong><\/strong><\/p>\n\n\n\n<p>\u00b7 Drenaje linf\u00e1tico manual, terapia f\u00edsica compleja de descongesti\u00f3n<br>\u00b7 Terapia manual<br>\u00b7 Terapia de puntos gatillo<br>\u00b7 Tratamiento de distorsiones fasciales seg\u00fan Typaldos<br>\u00b7 Concepto McKenzie<br>\u00b7 Rehabilitaci\u00f3n neurol\u00f3gica<br>\u00b7 Terapia Dorn<br>\u00b7 Grabaci\u00f3n de kinesio<br>\u00b7 Electroterapia \/ Ultrasonido<br>\u00b7 Terapia de campo magn\u00e9tico \/ Bemer<br>\u00b7 Terapia de mesa de cabestrillo<br>\u00b7 Entrenamiento personal<br>\u00b7 Clases de espalda<br>\u00b7 Clases pre-natales<br>\u00b7 Clases post-natales<br>\u00b7 Fango \/ terapia de calor<br>\u00b7 Utilizaci\u00f3n de tazas<br>\u00b7 Rodillo caliente<br>\u00b7 Luz infrarroja<\/p>\n<\/div>\n<\/div>\n\n\n\n<hr class=\"wp-block-separator has-alpha-channel-opacity is-style-dots\"\/>\n\n\n\n<div class=\"wp-block-columns is-layout-flex wp-container-core-columns-is-layout-9d6595d7 wp-block-columns-is-layout-flex\">\n<div class=\"wp-block-column is-layout-flow wp-block-column-is-layout-flow\" style=\"flex-basis:40%\">\n<p><strong><strong>Masajes<\/strong><\/strong><\/p>\n\n\n\n<p>\u00b7 Masaje medico de espalda<br>\u00b7 Masaje de cuello uterino<br>\u00b7 Masaje de cuerpo completo<br>\u00b7 Drenaje linf\u00e1tico<br>\u00b7 Masaje de fricci\u00f3n<br>\u00b7 Masaje de yoga tailand\u00e9s<br>\u00b7 Masaje de relajaci\u00f3n<br>\u00b7 Acupresi\u00f3n de cuerpo entero &#8211; &#8220;Senergia&#8221;<br>\u00b7 Reflexolog\u00eda podal<br>\u00b7 Masaje de tejido conectivo<br>\u00b7 Masaje de distorsi\u00f3n fascial<br>\u00b7 Masaje de tracci\u00f3n<br>\u00b7 Masaje facial<br>\u00b7 Masaje de colon<br>\u00b7 Masaje de piernas<\/p>\n<\/div>\n\n\n\n<div class=\"wp-block-column is-layout-flow wp-block-column-is-layout-flow\"><style>#jtg-545 .modula-item { border: 1px solid #ffffff; }#jtg-545 .modula-item { border-radius: 5px; }#jtg-545 .modula-item .jtg-social a, .lightbox-socials.jtg-social a{ color: #ffffff }#jtg-545 .modula-item .jtg-social svg, .lightbox-socials.jtg-social svg { height: 16px; width: 16px }#jtg-545 .modula-item .jtg-social a:not(:last-child), .lightbox-socials.jtg-social a:not(:last-child) { margin-right: 10px }#jtg-545 .modula-item .figc {color:#ffffff;}#jtg-545 .modula-item .modula-item-content { transform: scale(1) }#jtg-545{max-width:100%}#jtg-545 { width:100%;}#jtg-545 .modula-items{height:800px;}@media screen and (max-width: 992px) {#jtg-545 .modula-items{height:800px;}}@media screen and (max-width: 768px) {#jtg-545 .modula-items{height:800px;}}#jtg-545 .modula-items .figc p.description { font-size:14px; }#jtg-545 .modula-items .figc p.description { color:#ffffff;}#jtg-545.modula-gallery .modula-item > a, #jtg-545.modula-gallery .modula-item, #jtg-545.modula-gallery .modula-item-content > a:not(.modula-no-follow) { cursor:zoom-in; } #jtg-545.modula-gallery .modula-item-content .modula-no-follow { cursor: default; } @media screen and (max-width:480px){#jtg-545 .modula-item .figc .jtg-title {  font-size: 12px; }#jtg-545 .modula-items .figc p.description { color:#ffffff;font-size:10px; }}<\/style>\n<!-- Gallery Container -->\n<div  id=\"jtg-545\" class=\"modula modula-gallery modula-creative-gallery\" data-config=\"{&quot;height&quot;:800,&quot;tabletHeight&quot;:800,&quot;mobileHeight&quot;:800,&quot;desktopHeight&quot;:800,&quot;enableTwitter&quot;:false,&quot;enableWhatsapp&quot;:false,&quot;enableFacebook&quot;:false,&quot;enablePinterest&quot;:false,&quot;enableLinkedin&quot;:false,&quot;enableEmail&quot;:false,&quot;randomFactor&quot;:0.5,&quot;type&quot;:&quot;creative-gallery&quot;,&quot;columns&quot;:12,&quot;gutter&quot;:10,&quot;mobileGutter&quot;:10,&quot;tabletGutter&quot;:10,&quot;desktopGutter&quot;:10,&quot;enableResponsive&quot;:&quot;0&quot;,&quot;tabletColumns&quot;:&quot;2&quot;,&quot;mobileColumns&quot;:&quot;1&quot;,&quot;lazyLoad&quot;:&quot;1&quot;,&quot;lightboxOpts&quot;:{&quot;loop&quot;:false,&quot;arrows&quot;:true,&quot;toolbar&quot;:true,&quot;keyboard&quot;:true,&quot;wheel&quot;:false,&quot;buttons&quot;:[&quot;close&quot;],&quot;hash&quot;:false,&quot;lang&quot;:&quot;en&quot;,&quot;touch&quot;:false,&quot;protect&quot;:false,&quot;i18n&quot;:{&quot;en&quot;:{&quot;CLOSE&quot;:&quot;Close&quot;,&quot;NEXT&quot;:&quot;Next&quot;,&quot;PREV&quot;:&quot;Previous&quot;,&quot;Error&quot;:&quot;The requested content cannot be loaded. Please try again later.&quot;,&quot;PLAY_START&quot;:&quot;Start slideshow&quot;,&quot;PLAY_STOP&quot;:&quot;Pause slideshow&quot;,&quot;FULL_SCREEN&quot;:&quot;Full screen&quot;,&quot;THUMBS&quot;:&quot;Thumbnails&quot;,&quot;DOWNLOAD&quot;:&quot;Download&quot;,&quot;SHARE&quot;:&quot;Share&quot;,&quot;ZOOM&quot;:&quot;Zoom&quot;}},&quot;clickSlide&quot;:false,&quot;clickOutside&quot;:false,&quot;dblclickContent&quot;:false,&quot;dblclickSlide&quot;:false,&quot;dblclickOutside&quot;:false,&quot;clickContent&quot;:false,&quot;baseTpl&quot;:&quot;&lt;div class=\\&quot;modula-fancybox-container modula-lightbox-jtg-545\\&quot; role=\\&quot;dialog\\&quot; tabindex=\\&quot;-1\\&quot;&gt;&lt;div class=\\&quot;modula-fancybox-bg\\&quot;&gt;&lt;\\\/div&gt;&lt;div class=\\&quot;modula-fancybox-inner\\&quot;&gt;&lt;div class=\\&quot;modula-fancybox-infobar\\&quot;&gt;&lt;span data-fancybox-index&gt;&lt;\\\/span&gt;&nbsp;\\\/&nbsp;&lt;span data-fancybox-count&gt;&lt;\\\/span&gt;&lt;\\\/div&gt;&lt;div class=\\&quot;modula-fancybox-toolbar\\&quot;&gt;{{buttons}}&lt;\\\/div&gt;&lt;div class=\\&quot;modula-fancybox-navigation\\&quot;&gt;{{arrows}}&lt;\\\/div&gt;&lt;div class=\\&quot;modula-fancybox-stage\\&quot;&gt;&lt;\\\/div&gt;&lt;div class=\\&quot;modula-fancybox-caption\\&quot;&gt;&lt;div class=\\&quot;modula-fancybox-caption__body\\&quot;&gt;&lt;\\\/div&gt;&lt;\\\/div&gt;&lt;\\\/div&gt;&lt;\\\/div&gt;&quot;},&quot;inView&quot;:false,&quot;email_subject&quot;:&quot;Check out this awesome image !!&quot;,&quot;email_message&quot;:&quot;Here is the link to the image : %%image_link%% and this is the link to the gallery : %%gallery_link%%&quot;,&quot;lightbox&quot;:&quot;fancybox&quot;}\">\n\n\t\n\t<!-- Items Container -->\n\t<div  class=\"modula-items\">\n\t\t<div class=\"modula-item effect-pufrobo\" >\n\t<div class=\"modula-item-overlay\"><\/div>\n\n\t<div class=\"modula-item-content\">\n\n\t\t\t\t\n\t\t\t\t\t<a data-image-id=\"490\" rel=\"jtg-545\" data-caption=\"\" aria-label=\"Open image in lightbox\" class=\"tile-inner modula-item-link\"><\/a>\n\t\t\n\t\t<img class=\"pic wp-image-490 lazyload\"  data-valign=\"middle\" data-halign=\"center\" alt=\"\" data-full=\"https:\/\/praxis-fisio.com\/wp-content\/uploads\/2022\/09\/PraxisFisio_CalaMillor_13.jpg\" title=\"PraxisFisio_CalaMillor_13\" width=\"932\" height=\"1400\" data-src=\"https:\/\/praxis-fisio.com\/wp-content\/uploads\/2022\/09\/PraxisFisio_CalaMillor_13.jpg\" data-caption=\"\" data-source=\"modula\" data-srcset=\"https:\/\/praxis-fisio.com\/wp-content\/uploads\/2022\/09\/PraxisFisio_CalaMillor_13.jpg 932w, https:\/\/praxis-fisio.com\/wp-content\/uploads\/2022\/09\/PraxisFisio_CalaMillor_13-200x300.jpg 200w, https:\/\/praxis-fisio.com\/wp-content\/uploads\/2022\/09\/PraxisFisio_CalaMillor_13-682x1024.jpg 682w, https:\/\/praxis-fisio.com\/wp-content\/uploads\/2022\/09\/PraxisFisio_CalaMillor_13-768x1154.jpg 768w\" data-sizes=\"(max-width: 932px) 100vw, 932px\" \/>\n\t\t<div class=\"figc no-description\">\n\t\t\t<div class=\"figc-inner\">\n\t\t\t\t\t\t\t\t\t\t\t\t\t\t\t<\/div>\n\t\t<\/div>\n\n\t<\/div>\n\n<\/div><div class=\"modula-item effect-pufrobo\" >\n\t<div class=\"modula-item-overlay\"><\/div>\n\n\t<div class=\"modula-item-content\">\n\n\t\t\t\t\n\t\t\t\t\t<a data-image-id=\"489\" rel=\"jtg-545\" data-caption=\"\" aria-label=\"Open image in lightbox\" class=\"tile-inner modula-item-link\"><\/a>\n\t\t\n\t\t<img class=\"pic wp-image-489 lazyload\"  data-valign=\"middle\" data-halign=\"center\" alt=\"\" data-full=\"https:\/\/praxis-fisio.com\/wp-content\/uploads\/2022\/09\/PraxisFisio_CalaMillor_12.jpg\" title=\"PraxisFisio_CalaMillor_12\" width=\"1400\" height=\"932\" data-src=\"https:\/\/praxis-fisio.com\/wp-content\/uploads\/2022\/09\/PraxisFisio_CalaMillor_12.jpg\" data-caption=\"\" data-source=\"modula\" data-srcset=\"https:\/\/praxis-fisio.com\/wp-content\/uploads\/2022\/09\/PraxisFisio_CalaMillor_12.jpg 1400w, https:\/\/praxis-fisio.com\/wp-content\/uploads\/2022\/09\/PraxisFisio_CalaMillor_12-300x200.jpg 300w, https:\/\/praxis-fisio.com\/wp-content\/uploads\/2022\/09\/PraxisFisio_CalaMillor_12-1024x682.jpg 1024w, https:\/\/praxis-fisio.com\/wp-content\/uploads\/2022\/09\/PraxisFisio_CalaMillor_12-768x511.jpg 768w, https:\/\/praxis-fisio.com\/wp-content\/uploads\/2022\/09\/PraxisFisio_CalaMillor_12-1200x799.jpg 1200w\" data-sizes=\"(max-width: 1400px) 100vw, 1400px\" \/>\n\t\t<div class=\"figc no-description\">\n\t\t\t<div class=\"figc-inner\">\n\t\t\t\t\t\t\t\t\t\t\t\t\t\t\t<\/div>\n\t\t<\/div>\n\n\t<\/div>\n\n<\/div><div class=\"modula-item effect-pufrobo\" >\n\t<div class=\"modula-item-overlay\"><\/div>\n\n\t<div class=\"modula-item-content\">\n\n\t\t\t\t\n\t\t\t\t\t<a data-image-id=\"488\" rel=\"jtg-545\" data-caption=\"\" aria-label=\"Open image in lightbox\" class=\"tile-inner modula-item-link\"><\/a>\n\t\t\n\t\t<img class=\"pic wp-image-488 lazyload\"  data-valign=\"middle\" data-halign=\"center\" alt=\"\" data-full=\"https:\/\/praxis-fisio.com\/wp-content\/uploads\/2022\/09\/PraxisFisio_CalaMillor_11.jpg\" title=\"PraxisFisio_CalaMillor_11\" width=\"1400\" height=\"932\" data-src=\"https:\/\/praxis-fisio.com\/wp-content\/uploads\/2022\/09\/PraxisFisio_CalaMillor_11.jpg\" data-caption=\"\" data-source=\"modula\" data-srcset=\"https:\/\/praxis-fisio.com\/wp-content\/uploads\/2022\/09\/PraxisFisio_CalaMillor_11.jpg 1400w, https:\/\/praxis-fisio.com\/wp-content\/uploads\/2022\/09\/PraxisFisio_CalaMillor_11-300x200.jpg 300w, https:\/\/praxis-fisio.com\/wp-content\/uploads\/2022\/09\/PraxisFisio_CalaMillor_11-1024x682.jpg 1024w, https:\/\/praxis-fisio.com\/wp-content\/uploads\/2022\/09\/PraxisFisio_CalaMillor_11-768x511.jpg 768w, https:\/\/praxis-fisio.com\/wp-content\/uploads\/2022\/09\/PraxisFisio_CalaMillor_11-1200x799.jpg 1200w\" data-sizes=\"(max-width: 1400px) 100vw, 1400px\" \/>\n\t\t<div class=\"figc no-description\">\n\t\t\t<div class=\"figc-inner\">\n\t\t\t\t\t\t\t\t\t\t\t\t\t\t\t<\/div>\n\t\t<\/div>\n\n\t<\/div>\n\n<\/div><div class=\"modula-item effect-pufrobo\" >\n\t<div class=\"modula-item-overlay\"><\/div>\n\n\t<div class=\"modula-item-content\">\n\n\t\t\t\t\n\t\t\t\t\t<a data-image-id=\"192\" rel=\"jtg-545\" data-caption=\"\" aria-label=\"Open image in lightbox\" class=\"tile-inner modula-item-link\"><\/a>\n\t\t\n\t\t<img class=\"pic wp-image-192 lazyload\"  data-valign=\"middle\" data-halign=\"center\" alt=\"\" data-full=\"https:\/\/praxis-fisio.com\/wp-content\/uploads\/2022\/08\/Praxis-Fisio_Marcus-Reile.jpg\" title=\"SONY DSC\" width=\"1400\" height=\"700\" data-src=\"https:\/\/praxis-fisio.com\/wp-content\/uploads\/2022\/08\/Praxis-Fisio_Marcus-Reile.jpg\" data-caption=\"\" data-source=\"modula\" data-srcset=\"https:\/\/praxis-fisio.com\/wp-content\/uploads\/2022\/08\/Praxis-Fisio_Marcus-Reile.jpg 1400w, https:\/\/praxis-fisio.com\/wp-content\/uploads\/2022\/08\/Praxis-Fisio_Marcus-Reile-300x150.jpg 300w, https:\/\/praxis-fisio.com\/wp-content\/uploads\/2022\/08\/Praxis-Fisio_Marcus-Reile-1024x512.jpg 1024w, https:\/\/praxis-fisio.com\/wp-content\/uploads\/2022\/08\/Praxis-Fisio_Marcus-Reile-768x384.jpg 768w, https:\/\/praxis-fisio.com\/wp-content\/uploads\/2022\/08\/Praxis-Fisio_Marcus-Reile-1200x600.jpg 1200w\" data-sizes=\"(max-width: 1400px) 100vw, 1400px\" \/>\n\t\t<div class=\"figc no-description\">\n\t\t\t<div class=\"figc-inner\">\n\t\t\t\t\t\t\t\t\t\t\t\t\t\t\t<\/div>\n\t\t<\/div>\n\n\t<\/div>\n\n<\/div>\t\t\n\t<\/div>\n\n\t\n\t\n\t<script type=\"application\/ld+json\">\n\t{\n\t\t\"@context\": \"http:\/\/schema.org\",\n\t\t\"@type\"   : \"ImageGallery\",\n\t\t\"id\"      : \"https:\/\/praxis-fisio.com\/es\/wp-json\/wp\/v2\/pages\/28\",\n\t\t\"url\"     : \"https:\/\/praxis-fisio.com\/es\/wp-json\/wp\/v2\/pages\/28\"\n\t}\n\n    <\/script>\n\n\t\n<\/div>\n<\/div>\n<\/div>\n","protected":false},"excerpt":{"rendered":"<p>Fisioterapia \u00b7 Drenaje linf\u00e1tico manual, terapia f\u00edsica compleja de descongesti\u00f3n\u00b7 Terapia manual\u00b7 Terapia de puntos gatillo\u00b7 Tratamiento de distorsiones fasciales seg\u00fan Typaldos\u00b7 Concepto McKenzie\u00b7 Rehabilitaci\u00f3n neurol\u00f3gica\u00b7 Terapia Dorn\u00b7 Grabaci\u00f3n de kinesio\u00b7 Electroterapia \/ Ultrasonido\u00b7 Terapia de campo magn\u00e9tico \/ Bemer\u00b7 Terapia de mesa de cabestrillo\u00b7 Entrenamiento personal\u00b7 Clases de espalda\u00b7 Clases pre-natales\u00b7 Clases post-natales\u00b7 Fango [&hellip;]<\/p>\n","protected":false},"author":1,"featured_media":0,"parent":0,"menu_order":0,"comment_status":"closed","ping_status":"closed","template":"templates\/template-full-width.php","meta":{"footnotes":""},"class_list":["post-28","page","type-page","status-publish","hentry"],"_links":{"self":[{"href":"https:\/\/praxis-fisio.com\/es\/wp-json\/wp\/v2\/pages\/28","targetHints":{"allow":["GET"]}}],"collection":[{"href":"https:\/\/praxis-fisio.com\/es\/wp-json\/wp\/v2\/pages"}],"about":[{"href":"https:\/\/praxis-fisio.com\/es\/wp-json\/wp\/v2\/types\/page"}],"author":[{"embeddable":true,"href":"https:\/\/praxis-fisio.com\/es\/wp-json\/wp\/v2\/users\/1"}],"replies":[{"embeddable":true,"href":"https:\/\/praxis-fisio.com\/es\/wp-json\/wp\/v2\/comments?post=28"}],"version-history":[{"count":35,"href":"https:\/\/praxis-fisio.com\/es\/wp-json\/wp\/v2\/pages\/28\/revisions"}],"predecessor-version":[{"id":728,"href":"https:\/\/praxis-fisio.com\/es\/wp-json\/wp\/v2\/pages\/28\/revisions\/728"}],"wp:attachment":[{"href":"https:\/\/praxis-fisio.com\/es\/wp-json\/wp\/v2\/media?parent=28"}],"curies":[{"name":"wp","href":"https:\/\/api.w.org\/{rel}","templated":true}]}}