{"id":473,"date":"2022-09-16T15:47:47","date_gmt":"2022-09-16T13:47:47","guid":{"rendered":"https:\/\/praxis-fisio.com\/es\/?page_id=473"},"modified":"2022-09-16T16:35:16","modified_gmt":"2022-09-16T14:35:16","slug":"krankenkasse","status":"publish","type":"page","link":"https:\/\/praxis-fisio.com\/en\/krankenkasse\/","title":{"rendered":"KRANKENKASSE"},"content":{"rendered":"\n<p><\/p>\n\n\n\n<p><strong>Sehr geehrte Patienten,<\/strong><\/p>\n\n\n\n<p>Oft stellt sich die Frage, ob Ihre Versicherung die Behandlungskosten auch im EU-Ausland erstattet.&nbsp;<\/p>\n\n\n\n<p>In unserer Praxis treten Sie in Vorkasse, so wie es&nbsp; in Deutschland mit Privatpatienten \u00fcblich ist. Die angefallenen Kosten k\u00f6nnen Sie dann bei Ihrer Kasse zur\u00fcckfordern und bekommen dann den Betrag erstattet, der bei Ihrer Krankenkasse festgesetzt ist.<\/p>\n\n\n\n<p>Im folgenden Link finden Sie Erl\u00e4uterungen zu einem deutschen Gesetzesbeschluss, dass die Behandlungskosten im EU-Ausland von deutschen Krankenkassen erstattet werden: <strong><a href=\"https:\/\/physio.de\/community\/news\/physiotherapie-im-eu-ausland-krankenkassen-muessen-zahlen\/99\/5338\/1#first-comment\" target=\"_blank\" rel=\"noreferrer noopener\">physio.de<\/a><\/strong><\/p>\n\n\n\n<p><\/p>\n\n\n\n<p>Sollten Sie bedenken haben, ob Ihre Versicherung die durch uns abgerechneten Behandlungskosten in voller H\u00f6he \u00fcbernimmt, erkundigen Sie sich bitte im Vorfeld bei Ihrer Krankenkasse.<\/p>\n","protected":false},"excerpt":{"rendered":"<p>Sehr geehrte Patienten, Oft stellt sich die Frage, ob Ihre Versicherung die Behandlungskosten auch im EU-Ausland erstattet.&nbsp; In unserer Praxis treten Sie in Vorkasse, so wie es&nbsp; in Deutschland mit Privatpatienten \u00fcblich ist. Die angefallenen Kosten k\u00f6nnen Sie dann bei Ihrer Kasse zur\u00fcckfordern und bekommen dann den Betrag erstattet, der bei Ihrer Krankenkasse festgesetzt ist. [&hellip;]<\/p>\n","protected":false},"author":2,"featured_media":0,"parent":0,"menu_order":0,"comment_status":"closed","ping_status":"closed","template":"templates\/template-full-width.php","meta":{"footnotes":""},"class_list":["post-473","page","type-page","status-publish","hentry"],"_links":{"self":[{"href":"https:\/\/praxis-fisio.com\/en\/wp-json\/wp\/v2\/pages\/473","targetHints":{"allow":["GET"]}}],"collection":[{"href":"https:\/\/praxis-fisio.com\/en\/wp-json\/wp\/v2\/pages"}],"about":[{"href":"https:\/\/praxis-fisio.com\/en\/wp-json\/wp\/v2\/types\/page"}],"author":[{"embeddable":true,"href":"https:\/\/praxis-fisio.com\/en\/wp-json\/wp\/v2\/users\/2"}],"replies":[{"embeddable":true,"href":"https:\/\/praxis-fisio.com\/en\/wp-json\/wp\/v2\/comments?post=473"}],"version-history":[{"count":5,"href":"https:\/\/praxis-fisio.com\/en\/wp-json\/wp\/v2\/pages\/473\/revisions"}],"predecessor-version":[{"id":605,"href":"https:\/\/praxis-fisio.com\/en\/wp-json\/wp\/v2\/pages\/473\/revisions\/605"}],"wp:attachment":[{"href":"https:\/\/praxis-fisio.com\/en\/wp-json\/wp\/v2\/media?parent=473"}],"curies":[{"name":"wp","href":"https:\/\/api.w.org\/{rel}","templated":true}]}}